{"id":18,"date":"2013-05-16T15:00:54","date_gmt":"2013-05-16T13:00:54","guid":{"rendered":"http:\/\/lernideal.de\/?page_id=18"},"modified":"2017-08-30T19:00:59","modified_gmt":"2017-08-30T17:00:59","slug":"willkommen","status":"publish","type":"page","link":"https:\/\/lernidee.org\/","title":{"rendered":"Willkommen bei LERNIDEE"},"content":{"rendered":"<p><strong>MIT FREUDE LERNEN <\/strong><\/p>\n<p><span style=\"font-family: Trebuchet MS,sans-serif;\"><span style=\"font-size: medium;\">Spa\u00df und Begeisterung sind f\u00fcr das Lernen wie der Turbo f\u00fcr einen Motor oder der D\u00fcnger f\u00fcr das Pflanzenwachstum. Beim Spiel- und Bewegungszentrierten Lernen werden Erkenntnisse der Lernforschung praktisch genutzt, sodass Kinder und Jugendliche ihre Lernkompetenz erweitern.<br \/>\n<\/span><\/span><\/p>\n<p><span style=\"font-family: Trebuchet MS,sans-serif;\"><span style=\"font-size: medium;\">\u00a0 <i>Wie Ihr Kind f\u00fcr die Zukunft profitieren kann<\/i><\/span><\/span><\/p>\n<ul>\n<li><span style=\"font-family: Trebuchet MS,sans-serif;\"><span style=\"font-size: medium;\">Lernblockaden abbauen<\/span><\/span><\/li>\n<li><span style=\"font-family: Trebuchet MS,sans-serif;\"><span style=\"font-size: medium;\">Wieder Begeisterung f\u00fcr das Lernen gewinnen<\/span><\/span><\/li>\n<li><span style=\"font-family: Trebuchet MS,sans-serif;\"><span style=\"font-size: medium;\">Selbstwertgef\u00fchl steigern<\/span><\/span><\/li>\n<li><span style=\"font-family: Trebuchet MS,sans-serif;\"><span style=\"font-size: medium;\">Planvolles und vorausschauendes Handeln ausbilden<br \/>\n<\/span><\/span><\/li>\n<li><span style=\"font-family: Trebuchet MS,sans-serif;\"><span style=\"font-size: medium;\">Probleml\u00f6sungsf\u00e4higkeiten entwickeln<\/span><\/span><\/li>\n<li><span style=\"font-family: Trebuchet MS,sans-serif;\"><span style=\"font-size: medium;\">Stabile Grundlagen f\u00fcr die Schule schaffen<\/span><\/span><\/li>\n<\/ul>\n<ul>\n<li><span style=\"font-family: Trebuchet MS,sans-serif;\"><span style=\"font-size: medium;\">Willenskraft und Selbstdisziplin verbessern<br \/>\n<\/span><\/span><\/li>\n<li value=\"1\"><span style=\"font-family: Trebuchet MS,sans-serif;\"><span style=\"font-size: medium;\">Frustration und Wut regulieren lernen<br \/>\n<\/span><\/span><\/li>\n<li><span style=\"font-family: Trebuchet MS,sans-serif;\"><span style=\"font-size: medium;\">Konzentrationsf\u00e4higkeit erh\u00f6hen<br \/>\n<\/span><\/span><\/li>\n<li><span style=\"font-family: Trebuchet MS,sans-serif;\"><span style=\"font-size: medium;\">Felxibles und situationsgerechtes (adaptives) Verhalten \u00fcben<\/span><\/span><\/li>\n<\/ul>\n<p>&nbsp;<\/p>\n<p><span style=\"font-family: Trebuchet MS,sans-serif;\"><span style=\"font-size: medium;\"><br \/>\n<\/span><\/span><\/p>\n<p>&nbsp;<\/p>\n","protected":false},"excerpt":{"rendered":"<p>MIT FREUDE LERNEN Spa\u00df und Begeisterung sind f\u00fcr das Lernen wie der Turbo f\u00fcr einen Motor oder der D\u00fcnger f\u00fcr das Pflanzenwachstum. Beim Spiel- und Bewegungszentrierten Lernen werden Erkenntnisse der Lernforschung praktisch genutzt, sodass Kinder und Jugendliche ihre Lernkompetenz erweitern. \u00a0 Wie Ihr Kind f\u00fcr die Zukunft profitieren kann Lernblockaden abbauen Wieder Begeisterung f\u00fcr das [&hellip;]<\/p>\n","protected":false},"author":1,"featured_media":0,"parent":0,"menu_order":1,"comment_status":"closed","ping_status":"closed","template":"page-templates\/full-width.php","meta":{"footnotes":""},"class_list":["post-18","page","type-page","status-publish","hentry"],"_links":{"self":[{"href":"https:\/\/lernidee.org\/index.php?rest_route=\/wp\/v2\/pages\/18","targetHints":{"allow":["GET"]}}],"collection":[{"href":"https:\/\/lernidee.org\/index.php?rest_route=\/wp\/v2\/pages"}],"about":[{"href":"https:\/\/lernidee.org\/index.php?rest_route=\/wp\/v2\/types\/page"}],"author":[{"embeddable":true,"href":"https:\/\/lernidee.org\/index.php?rest_route=\/wp\/v2\/users\/1"}],"replies":[{"embeddable":true,"href":"https:\/\/lernidee.org\/index.php?rest_route=%2Fwp%2Fv2%2Fcomments&post=18"}],"version-history":[{"count":52,"href":"https:\/\/lernidee.org\/index.php?rest_route=\/wp\/v2\/pages\/18\/revisions"}],"predecessor-version":[{"id":287,"href":"https:\/\/lernidee.org\/index.php?rest_route=\/wp\/v2\/pages\/18\/revisions\/287"}],"wp:attachment":[{"href":"https:\/\/lernidee.org\/index.php?rest_route=%2Fwp%2Fv2%2Fmedia&parent=18"}],"curies":[{"name":"wp","href":"https:\/\/api.w.org\/{rel}","templated":true}]}}