{"id":185,"date":"2013-08-13T20:46:43","date_gmt":"2013-08-13T18:46:43","guid":{"rendered":"http:\/\/lernideal.de\/?page_id=185"},"modified":"2017-08-11T16:57:56","modified_gmt":"2017-08-11T14:57:56","slug":"konzept","status":"publish","type":"page","link":"https:\/\/lernidee.org\/?page_id=185","title":{"rendered":"Konzept"},"content":{"rendered":"<p><strong>Konzept<\/strong><\/p>\n<p>Da Lernschwierigkeiten nie emotionslos ablaufen, ist ein ganzheitlicher L\u00f6sungsansatz notwendig, der sowohl in der Diagnostik als auch in der Behandlung das Kind in seiner Gesamtheit wahrnimmt. Innerhalb des Konzepts wird grundlegend am einzelnen Lernverhalten der Kinder gearbeitet, sodass je nach Leistungsstand und -verm\u00f6gen eine Verbesserung erzielt wird.<\/p>\n<p><strong>Lernen mit Spiel und Bewegung<\/strong><\/p>\n<p>Spiel vertreibt Angst, Hemmungen, macht Freude und befreit den Geist, &#8211; dass erh\u00f6ht die Lerngeschwindigkeit und verbessert die verarbeitungstiefe der Lerninhalte im Ged\u00e4chtnis!<\/p>\n<p>Je eingehender und kreativer wir uns mit einem Lerninhalt besch\u00e4ftigen, desto besser bleibt er im Gehirn haften. \u201eGute Beispiele (-Bilder)\u201c, ein \u201ebegreifendes erfahren\u201c, ein \u201ebewegtes lernen\u201c aktiviert, verbessert die Konzentrationsf\u00e4higkeit, den Willen, u. v. m..<\/p>\n<p><strong>Fehlersuche (Diagnostik)<\/strong><\/p>\n<p>Durch Zeitdruck und fehlende Geduld\u00a0 \u00fcben Schulkinder Verfahrenstechniken (Bspw. Rechenwege) ein, ohne ein wirkliches Verst\u00e4ndnis dar\u00fcber entwickeln zu k\u00f6nnen. Sie benutzen dann einen Kasten voller Werkzeuge, deren Verwendung ihnen nicht klar ist. Anf\u00e4nglich haben sie dann durchaus Teilerfolge, weil die Aufgaben noch einfach sind und sie sich an den gegebenen Beispielen gut orientieren k\u00f6nnen. Werden diese allerdings komplexer treten die Verst\u00e4ndnisl\u00fccken immer sichtbarer hervor. Jenseits der Ergebniskontrolle, gibt die Beobachtung des L\u00f6sungsweges Aufschluss dar\u00fcber an welchen Stellen genau L\u00fccken entstanden sind und wo genau der Hilfebedarf liegt. Die dabei gewonnen Erkenntnisse bestimmen die individuelle F\u00f6rderplanung.<\/p>\n<p>&nbsp;<\/p>\n<p><strong>Verstehen und Bewusstheit<\/strong><\/p>\n<p>Im Betrachten und Reflektieren der eigenen Lernkompetenz werden dem Kind nicht nur die Inhalte klarer, sondern vielmehr die Funktion der eigenen Erfolge und des Scheiterns, sowie die Wirkungsweise des eigenen Lernens \u00fcberhaupt.<\/p>\n<p>Kinder zu Anfang spielerisch in einen Prozess des pers\u00f6nlichen Erfolgs zu bringen und ihnen im weiteren Verlauf des Programms individuelle Herausforderungen anzubieten, ist Programm und Konzept in der Spiel- und Bewegungszentrierten Lerntherapie.<\/p>\n","protected":false},"excerpt":{"rendered":"<p>Konzept Da Lernschwierigkeiten nie emotionslos ablaufen, ist ein ganzheitlicher L\u00f6sungsansatz notwendig, der sowohl in der Diagnostik als auch in der Behandlung das Kind in seiner Gesamtheit wahrnimmt. Innerhalb des Konzepts wird grundlegend am einzelnen Lernverhalten der Kinder gearbeitet, sodass je nach Leistungsstand und -verm\u00f6gen eine Verbesserung erzielt wird. Lernen mit Spiel und Bewegung Spiel vertreibt [&hellip;]<\/p>\n","protected":false},"author":1,"featured_media":0,"parent":0,"menu_order":2,"comment_status":"closed","ping_status":"closed","template":"","meta":{"footnotes":""},"class_list":["post-185","page","type-page","status-publish","hentry"],"_links":{"self":[{"href":"https:\/\/lernidee.org\/index.php?rest_route=\/wp\/v2\/pages\/185","targetHints":{"allow":["GET"]}}],"collection":[{"href":"https:\/\/lernidee.org\/index.php?rest_route=\/wp\/v2\/pages"}],"about":[{"href":"https:\/\/lernidee.org\/index.php?rest_route=\/wp\/v2\/types\/page"}],"author":[{"embeddable":true,"href":"https:\/\/lernidee.org\/index.php?rest_route=\/wp\/v2\/users\/1"}],"replies":[{"embeddable":true,"href":"https:\/\/lernidee.org\/index.php?rest_route=%2Fwp%2Fv2%2Fcomments&post=185"}],"version-history":[{"count":12,"href":"https:\/\/lernidee.org\/index.php?rest_route=\/wp\/v2\/pages\/185\/revisions"}],"predecessor-version":[{"id":279,"href":"https:\/\/lernidee.org\/index.php?rest_route=\/wp\/v2\/pages\/185\/revisions\/279"}],"wp:attachment":[{"href":"https:\/\/lernidee.org\/index.php?rest_route=%2Fwp%2Fv2%2Fmedia&parent=185"}],"curies":[{"name":"wp","href":"https:\/\/api.w.org\/{rel}","templated":true}]}}