{"id":27,"date":"2013-05-16T15:08:30","date_gmt":"2013-05-16T13:08:30","guid":{"rendered":"http:\/\/lernideal.de\/?page_id=27"},"modified":"2017-08-11T16:59:49","modified_gmt":"2017-08-11T14:59:49","slug":"kontakt","status":"publish","type":"page","link":"https:\/\/lernidee.org\/?page_id=27","title":{"rendered":"Kontakt"},"content":{"rendered":"<p>&nbsp;<\/p>\n<p><b>Diplom Sozialp\u00e4dagoge Hanz Blechschmitt<\/b><\/p>\n<p><b>mobil: 0176 8 321 245 9, <\/b><\/p>\n<p><b>email: info@lernidee.org<\/b><\/p>\n<p>&nbsp;<\/p>\n<p>&nbsp;<\/p>\n<p><em><b>\u00dcber mich<\/b><\/em><\/p>\n<p>Ich bin seit \u00fcber 15 Jahren in der Jugend- und Erwachsenenbildung t\u00e4tig. In dieser Zeit hat sich f\u00fcr mich immer wieder gezeigt:<\/p>\n<p>Gestaltet man ad\u00e4quate Lernr\u00e4ume, in denen der Mensch sein Potential entfalten kann, geschehen pers\u00f6nliche Wunder!<\/p>\n<p>Welche Dinge man auch lernt, versteht, sich also pers\u00f6nlich aneignet, f\u00fchrt zu der Selbst\u00adeinsch\u00e4tzung; \u201eIch kann\u201c!<\/p>\n<p>Aus vielen kleinen \u201eIch kanns\u201c sollten sich Pers\u00f6nlichkeiten aufbauen!<\/p>\n<p>Das eigentliche Wunder geschieht aber nicht mit nur einer richtig gel\u00f6sten Aufgabe. Es geschieht wenn sich die positive Selbstbeurteilung so tief verankert, dass aus dem \u201eIch kann\u201c ein \u201eIch bin (gut, kompetent,..)\u201c wird.<\/p>\n","protected":false},"excerpt":{"rendered":"<p>&nbsp; Diplom Sozialp\u00e4dagoge Hanz Blechschmitt mobil: 0176 8 321 245 9, email: info@lernidee.org &nbsp; &nbsp; \u00dcber mich Ich bin seit \u00fcber 15 Jahren in der Jugend- und Erwachsenenbildung t\u00e4tig. In dieser Zeit hat sich f\u00fcr mich immer wieder gezeigt: Gestaltet man ad\u00e4quate Lernr\u00e4ume, in denen der Mensch sein Potential entfalten kann, geschehen pers\u00f6nliche Wunder! Welche [&hellip;]<\/p>\n","protected":false},"author":1,"featured_media":0,"parent":18,"menu_order":4,"comment_status":"closed","ping_status":"closed","template":"","meta":{"footnotes":""},"class_list":["post-27","page","type-page","status-publish","hentry"],"_links":{"self":[{"href":"https:\/\/lernidee.org\/index.php?rest_route=\/wp\/v2\/pages\/27","targetHints":{"allow":["GET"]}}],"collection":[{"href":"https:\/\/lernidee.org\/index.php?rest_route=\/wp\/v2\/pages"}],"about":[{"href":"https:\/\/lernidee.org\/index.php?rest_route=\/wp\/v2\/types\/page"}],"author":[{"embeddable":true,"href":"https:\/\/lernidee.org\/index.php?rest_route=\/wp\/v2\/users\/1"}],"replies":[{"embeddable":true,"href":"https:\/\/lernidee.org\/index.php?rest_route=%2Fwp%2Fv2%2Fcomments&post=27"}],"version-history":[{"count":18,"href":"https:\/\/lernidee.org\/index.php?rest_route=\/wp\/v2\/pages\/27\/revisions"}],"predecessor-version":[{"id":297,"href":"https:\/\/lernidee.org\/index.php?rest_route=\/wp\/v2\/pages\/27\/revisions\/297"}],"up":[{"embeddable":true,"href":"https:\/\/lernidee.org\/index.php?rest_route=\/wp\/v2\/pages\/18"}],"wp:attachment":[{"href":"https:\/\/lernidee.org\/index.php?rest_route=%2Fwp%2Fv2%2Fmedia&parent=27"}],"curies":[{"name":"wp","href":"https:\/\/api.w.org\/{rel}","templated":true}]}}